{"id":142,"date":"2020-11-29T16:30:14","date_gmt":"2020-11-29T16:30:14","guid":{"rendered":"https:\/\/montessorinaturalwood.com\/?post_type=product&#038;p=142"},"modified":"2025-05-27T05:46:06","modified_gmt":"2025-05-27T05:46:06","slug":"el-huerto-en-casa-al-estilo-montessori","status":"publish","type":"product","link":"https:\/\/montessorinaturalwood.com\/?product=el-huerto-en-casa-al-estilo-montessori","title":{"rendered":"El huerto en casa al estilo Montessori"},"content":{"rendered":"<p>Las ventajas de cultivar un huerto en casa con nuestros hijos son muchas. Desde la perspectiva de Maria Montessori destacan el desarrollo en los ni\u00f1os del amor por la naturaleza y los seres vivos, as\u00ed como de la paciencia, el saber esperar y aceptar los ritmos biol\u00f3gicos. Tal vez cuidar de un huerto con los m\u00e1s peque\u00f1os no es tan efectivo ni relajante como hacerlo sin ellos, pero es sin duda m\u00e1s gratificante.<br \/>\nEste libro es una completa y pr\u00e1ctica gu\u00eda para cultivar hortalizas, plantas arom\u00e1ticas y frutales en casa, en entornos urbanos y con ni\u00f1os. En \u00e9l encontrar\u00e1s informaci\u00f3n sobre qu\u00e9 se necesita para empezar, cu\u00e1les son las tareas y cuidados b\u00e1sicos de las plantas, hasta un planificador mensual del cuidado del huerto y propuestas de actividades sencillas que se pueden hacer con ni\u00f1os de a partir de un a\u00f1o. Incluye m\u00e1s de 30 fichas adecuadas para cultivar con ni\u00f1os, con ilustraciones de cada planta, sus flores y frutos, as\u00ed como informaci\u00f3n sobre sus necesidades especiales y su grado de dificultad.<br \/>\nTanto si tienes conocimientos de horticultura como si no, este libro te ayudar\u00e1 a que vivas una experiencia muy enriquecedora para toda la familia, de la que todos aprender\u00e1n mucho y que os har\u00e1 descubrir la belleza de la bot\u00e1nica d\u00eda a d\u00eda.<\/p>\n","protected":false},"excerpt":{"rendered":"<p>Las ventajas de cultivar un huerto en casa con nuestros hijos son muchas. Desde la perspectiva de Maria Montessori destacan el desarrollo en los ni\u00f1os del amor por la naturaleza y los seres vivos, as\u00ed como de la paciencia, el saber esperar y aceptar los ritmos biol\u00f3gicos. Tal vez cuidar de un huerto con los [&#8230;]\n","protected":false},"featured_media":143,"comment_status":"open","ping_status":"closed","template":"","meta":[],"product_cat":[20],"product_tag":[],"_links":{"self":[{"href":"https:\/\/montessorinaturalwood.com\/index.php?rest_route=\/wp\/v2\/product\/142"}],"collection":[{"href":"https:\/\/montessorinaturalwood.com\/index.php?rest_route=\/wp\/v2\/product"}],"about":[{"href":"https:\/\/montessorinaturalwood.com\/index.php?rest_route=\/wp\/v2\/types\/product"}],"replies":[{"embeddable":true,"href":"https:\/\/montessorinaturalwood.com\/index.php?rest_route=%2Fwp%2Fv2%2Fcomments&post=142"}],"wp:featuredmedia":[{"embeddable":true,"href":"https:\/\/montessorinaturalwood.com\/index.php?rest_route=\/wp\/v2\/media\/143"}],"wp:attachment":[{"href":"https:\/\/montessorinaturalwood.com\/index.php?rest_route=%2Fwp%2Fv2%2Fmedia&parent=142"}],"wp:term":[{"taxonomy":"product_cat","embeddable":true,"href":"https:\/\/montessorinaturalwood.com\/index.php?rest_route=%2Fwp%2Fv2%2Fproduct_cat&post=142"},{"taxonomy":"product_tag","embeddable":true,"href":"https:\/\/montessorinaturalwood.com\/index.php?rest_route=%2Fwp%2Fv2%2Fproduct_tag&post=142"}],"curies":[{"name":"wp","href":"https:\/\/api.w.org\/{rel}","templated":true}]}}