{"id":144,"date":"2020-11-29T16:37:31","date_gmt":"2020-11-29T16:37:31","guid":{"rendered":"https:\/\/montessorinaturalwood.com\/?post_type=product&#038;p=144"},"modified":"2021-10-12T17:49:55","modified_gmt":"2021-10-12T17:49:55","slug":"cuentos-montessori-para-las-buenas-noches","status":"publish","type":"product","link":"https:\/\/montessorinaturalwood.com\/?product=cuentos-montessori-para-las-buenas-noches","title":{"rendered":"Cuentos Montessori para las buenas noches"},"content":{"rendered":"<p>Nuestros peque\u00f1os crecen cada d\u00eda, y es importante guardar un momento antes de acostarse para parar, conectar y empatizar con ellos, compartir vivencias y expresar emociones que necesitan de ese momento de reposo para salir. El sue\u00f1o es fundamental en su desarrollo y el momento justo de antes de ir a dormir influye en su calidad y en los pensamientos y emociones que quedan en el cerebro justo antes de entrar en este modo de \u00abdesconexi\u00f3n y procesamiento de informaci\u00f3n\u00bb.<\/p>\n<p>Este libro se convertir\u00e1 en la herramienta de papel ideal para encontrar vuestro momento al final del d\u00eda para miraros a los ojos, inspirar calma, naturaleza, valorar lo cotidiano, apreciar el mundo en todos sus aspectos y alentar a los ni\u00f1os y ni\u00f1as a ser ellos mismos<\/p>\n<blockquote><p>Siembra en los ni\u00f1os ideas buenas aunque no las entiendan. Los a\u00f1os se encargar\u00e1n de descifrarlas en su entendimiento y de hacerlas crecer en su coraz\u00f3n.<br \/>\nMar\u00eda Montessori<\/p><\/blockquote>\n","protected":false},"excerpt":{"rendered":"<p>Un nuevo libro ilustrado de cuentos Montessori de Marta Prada, autora del blog Pequefelicidad.<\/p>\n","protected":false},"featured_media":146,"comment_status":"open","ping_status":"closed","template":"","meta":[],"product_cat":[20],"product_tag":[],"_links":{"self":[{"href":"https:\/\/montessorinaturalwood.com\/index.php?rest_route=\/wp\/v2\/product\/144"}],"collection":[{"href":"https:\/\/montessorinaturalwood.com\/index.php?rest_route=\/wp\/v2\/product"}],"about":[{"href":"https:\/\/montessorinaturalwood.com\/index.php?rest_route=\/wp\/v2\/types\/product"}],"replies":[{"embeddable":true,"href":"https:\/\/montessorinaturalwood.com\/index.php?rest_route=%2Fwp%2Fv2%2Fcomments&post=144"}],"wp:featuredmedia":[{"embeddable":true,"href":"https:\/\/montessorinaturalwood.com\/index.php?rest_route=\/wp\/v2\/media\/146"}],"wp:attachment":[{"href":"https:\/\/montessorinaturalwood.com\/index.php?rest_route=%2Fwp%2Fv2%2Fmedia&parent=144"}],"wp:term":[{"taxonomy":"product_cat","embeddable":true,"href":"https:\/\/montessorinaturalwood.com\/index.php?rest_route=%2Fwp%2Fv2%2Fproduct_cat&post=144"},{"taxonomy":"product_tag","embeddable":true,"href":"https:\/\/montessorinaturalwood.com\/index.php?rest_route=%2Fwp%2Fv2%2Fproduct_tag&post=144"}],"curies":[{"name":"wp","href":"https:\/\/api.w.org\/{rel}","templated":true}]}}