{"id":251,"date":"2021-02-14T10:43:24","date_gmt":"2021-02-14T10:43:24","guid":{"rendered":"https:\/\/montessorinaturalwood.com\/?post_type=product&#038;p=251"},"modified":"2021-10-12T17:50:07","modified_gmt":"2021-10-12T17:50:07","slug":"cuentos-montessori-para-crecer-felices","status":"publish","type":"product","link":"https:\/\/montessorinaturalwood.com\/?product=cuentos-montessori-para-crecer-felices","title":{"rendered":"Cuentos Montessori para crecer felices"},"content":{"rendered":"<p>Como familia, la crianza nos presenta nuevos retos cada d\u00eda: el sue\u00f1o, el pa\u00f1al, la llegada de un nuevo hermano, las frustraciones, los miedos&#8230; \u00bfQu\u00e9 mejor manera de afrontarlos que desde el respeto, la empat\u00eda y la conciencia?<\/p>\n<p>Con cuentos para los ni\u00f1os y explicaciones para los padres, este precioso libro de la autora del conocido blog\u00a0<i>Pequefelicidad\u00a0<\/i>os ayudar\u00e1 a crecer juntos a partir de las ense\u00f1anzas de la filosof\u00eda Montessori y la crianza respetuosa.<\/p>\n<p>Cada cap\u00edtulo incluye una breve introducci\u00f3n te\u00f3rica y un cuento ilustrado, con letra ligada, para leer con los m\u00e1s peque\u00f1os.<\/p>\n<p>Incluye los temas: el sue\u00f1o, la rabia, la autonom\u00eda, el pa\u00f1al, la frustraci\u00f3n, la gracia y cortes\u00eda, la angustia ante la separaci\u00f3n, la alimentaci\u00f3n, los conflictos y las peleas, el miedo, el nerviosismo, los hermanos, la p\u00e9rdida y los errores.<\/p>\n<p>\u00abLiberad el potencial del ni\u00f1o y lo transformar\u00e9is&#8230; Y al mundo con \u00e9l\u00bb.<br \/>\n<b>Maria Montessori<\/b><\/p>\n","protected":false},"excerpt":{"rendered":"<p>El libro ilustrado de cuentos Montessori de Marta Prada, autora del blog\u00a0<i>Pequefelicidad<\/i>.<\/p>\n","protected":false},"featured_media":252,"comment_status":"open","ping_status":"closed","template":"","meta":[],"product_cat":[20],"product_tag":[],"_links":{"self":[{"href":"https:\/\/montessorinaturalwood.com\/index.php?rest_route=\/wp\/v2\/product\/251"}],"collection":[{"href":"https:\/\/montessorinaturalwood.com\/index.php?rest_route=\/wp\/v2\/product"}],"about":[{"href":"https:\/\/montessorinaturalwood.com\/index.php?rest_route=\/wp\/v2\/types\/product"}],"replies":[{"embeddable":true,"href":"https:\/\/montessorinaturalwood.com\/index.php?rest_route=%2Fwp%2Fv2%2Fcomments&post=251"}],"wp:featuredmedia":[{"embeddable":true,"href":"https:\/\/montessorinaturalwood.com\/index.php?rest_route=\/wp\/v2\/media\/252"}],"wp:attachment":[{"href":"https:\/\/montessorinaturalwood.com\/index.php?rest_route=%2Fwp%2Fv2%2Fmedia&parent=251"}],"wp:term":[{"taxonomy":"product_cat","embeddable":true,"href":"https:\/\/montessorinaturalwood.com\/index.php?rest_route=%2Fwp%2Fv2%2Fproduct_cat&post=251"},{"taxonomy":"product_tag","embeddable":true,"href":"https:\/\/montessorinaturalwood.com\/index.php?rest_route=%2Fwp%2Fv2%2Fproduct_tag&post=251"}],"curies":[{"name":"wp","href":"https:\/\/api.w.org\/{rel}","templated":true}]}}