{"id":253,"date":"2021-02-14T10:46:32","date_gmt":"2021-02-14T10:46:32","guid":{"rendered":"https:\/\/montessorinaturalwood.com\/?post_type=product&#038;p=253"},"modified":"2025-06-29T09:35:40","modified_gmt":"2025-06-29T09:35:40","slug":"crecer-felices-ante-grandes-cambios","status":"publish","type":"product","link":"https:\/\/montessorinaturalwood.com\/?product=crecer-felices-ante-grandes-cambios","title":{"rendered":"Crecer felices ante grandes cambios"},"content":{"rendered":"<p><b>La escolarizaci\u00f3n de los ni\u00f1os, una mudanza, una muerte en la familia, el nacimiento de un nuevo beb\u00e9, una separaci\u00f3n conyugal, un nuevo trabajo, una crisis econ\u00f3mica o lo que nadie se imaginaba antes de 2020: una pandemia mundial.<\/b><\/p>\n<p>\u00bfC\u00f3mo pueden afectar estos cambios a tus hijos en el corto y largo plazo?\u00a0\u00bfC\u00f3mo puedes contribuir a que los integren en sus vidas sin que se enquisten para siempre en su persona? \u00bfC\u00f3mo acompa\u00f1arlos desde la consciencia, el amor y el respeto?\u00a0<b>Este libro es una gu\u00eda para conocerte mejor, trabajar tus pensamientos y tu esquema de respuesta ante los cambios<\/b>, porque, aunque no puedes controlar las circunstancias que te rodean, siempre tienes en tus manos tu actitud.<\/p>\n<p><b>Encontrar\u00e1s p\u00e1ginas repletas de inspiraci\u00f3n, herramientas y casos pr\u00e1cticos para abordar desde la consciencia cualquier cambio de vida con tus hijos<\/b>.<\/p>\n<p>Las personas felices son capaces de mantener el equilibrio ante los avatares de la vida. En la infancia se adquiere naturalmente esa capacidad. Cuando todo se vuelve oscuro para tus hijos, tu actitud es su luz para recuperar ese equilibrio.<\/p>\n<p><b><i>La felicidad est\u00e1 dentro de ti<\/i>.<\/b><\/p>\n","protected":false},"excerpt":{"rendered":"<p>Un libro necesario y revelador para cualquier familia. La vida cambia continuamente para todos y nosotros nos transformamos con ella.<\/p>\n","protected":false},"featured_media":254,"comment_status":"open","ping_status":"closed","template":"","meta":[],"product_cat":[20],"product_tag":[],"_links":{"self":[{"href":"https:\/\/montessorinaturalwood.com\/index.php?rest_route=\/wp\/v2\/product\/253"}],"collection":[{"href":"https:\/\/montessorinaturalwood.com\/index.php?rest_route=\/wp\/v2\/product"}],"about":[{"href":"https:\/\/montessorinaturalwood.com\/index.php?rest_route=\/wp\/v2\/types\/product"}],"replies":[{"embeddable":true,"href":"https:\/\/montessorinaturalwood.com\/index.php?rest_route=%2Fwp%2Fv2%2Fcomments&post=253"}],"wp:featuredmedia":[{"embeddable":true,"href":"https:\/\/montessorinaturalwood.com\/index.php?rest_route=\/wp\/v2\/media\/254"}],"wp:attachment":[{"href":"https:\/\/montessorinaturalwood.com\/index.php?rest_route=%2Fwp%2Fv2%2Fmedia&parent=253"}],"wp:term":[{"taxonomy":"product_cat","embeddable":true,"href":"https:\/\/montessorinaturalwood.com\/index.php?rest_route=%2Fwp%2Fv2%2Fproduct_cat&post=253"},{"taxonomy":"product_tag","embeddable":true,"href":"https:\/\/montessorinaturalwood.com\/index.php?rest_route=%2Fwp%2Fv2%2Fproduct_tag&post=253"}],"curies":[{"name":"wp","href":"https:\/\/api.w.org\/{rel}","templated":true}]}}