{"id":257,"date":"2021-10-12T17:46:03","date_gmt":"2021-10-12T17:46:03","guid":{"rendered":"https:\/\/montessorinaturalwood.com\/?post_type=product&#038;p=257"},"modified":"2021-10-18T12:17:37","modified_gmt":"2021-10-18T12:17:37","slug":"educar-sin-pantallas","status":"publish","type":"product","link":"https:\/\/montessorinaturalwood.com\/?product=educar-sin-pantallas","title":{"rendered":"Educar sin pantallas"},"content":{"rendered":"<p>Se han disparado los casos de hiperactividad, d\u00e9ficit de atenci\u00f3n y conductas disruptivas en la infancia&#8230; \u00bfNos encontramos ante una generaci\u00f3n con una carga gen\u00e9tica defectuosa? En absoluto. Nuestros ni\u00f1os y ni\u00f1as tienen las mismas potencialidades que los de hace 60 a\u00f1os. Lo que s\u00ed ha cambiado es el ambiente que les rodea.<br \/>\n\u00bfEst\u00e1 el cerebro preparado para desarrollarse de forma sana en un entorno cada vez m\u00e1s digital y menos real? Este libro te dar\u00e1 las claves para gestionar las pantallas de forma sana seg\u00fan la edad de tus hijos\/as.<br \/>\n\u00bfEs posible educar sin pantallas? Desde luego que no solo es un reto para familias, sino que es tambi\u00e9n una responsabilidad social. Las m\u00e1quinas no pueden ir por delante de las personas.<br \/>\nEste libro te guiar\u00e1 para que aprendas a dar a las pantallas un lugar \u00e9tico y sano en tu vida y en la de tus hijos. Cada cap\u00edtulo est\u00e1 plagado de la consciencia, herramientas y alternativas que necesitas para empezar a hacerlo con un enfoque positivo y respetuoso.<br \/>\nPodr\u00e1s iniciar el &#8216;desenganche&#8217; seg\u00fan la etapa en la que est\u00e9n tus hijos.<br \/>\n<em>&#8216;Lo mejor de vivir en una infancia respetada y sin pantallas es aprender a vivir&#8217;.<\/em><\/p>\n","protected":false},"excerpt":{"rendered":"<p>Nuestros ni\u00f1os y ni\u00f1as est\u00e1n creciendo en un entorno digital que est\u00e1 absorbiendo a pasos agigantados lo m\u00e1s valioso que tenemos los seres humanos: el tiempo y la atenci\u00f3n.<\/p>\n","protected":false},"featured_media":258,"comment_status":"open","ping_status":"closed","template":"","meta":[],"product_cat":[20],"product_tag":[],"_links":{"self":[{"href":"https:\/\/montessorinaturalwood.com\/index.php?rest_route=\/wp\/v2\/product\/257"}],"collection":[{"href":"https:\/\/montessorinaturalwood.com\/index.php?rest_route=\/wp\/v2\/product"}],"about":[{"href":"https:\/\/montessorinaturalwood.com\/index.php?rest_route=\/wp\/v2\/types\/product"}],"replies":[{"embeddable":true,"href":"https:\/\/montessorinaturalwood.com\/index.php?rest_route=%2Fwp%2Fv2%2Fcomments&post=257"}],"wp:featuredmedia":[{"embeddable":true,"href":"https:\/\/montessorinaturalwood.com\/index.php?rest_route=\/wp\/v2\/media\/258"}],"wp:attachment":[{"href":"https:\/\/montessorinaturalwood.com\/index.php?rest_route=%2Fwp%2Fv2%2Fmedia&parent=257"}],"wp:term":[{"taxonomy":"product_cat","embeddable":true,"href":"https:\/\/montessorinaturalwood.com\/index.php?rest_route=%2Fwp%2Fv2%2Fproduct_cat&post=257"},{"taxonomy":"product_tag","embeddable":true,"href":"https:\/\/montessorinaturalwood.com\/index.php?rest_route=%2Fwp%2Fv2%2Fproduct_tag&post=257"}],"curies":[{"name":"wp","href":"https:\/\/api.w.org\/{rel}","templated":true}]}}