{"id":26,"date":"2020-11-15T12:59:42","date_gmt":"2020-11-15T12:59:42","guid":{"rendered":"https:\/\/montessorinaturalwood.com\/?post_type=product&#038;p=26"},"modified":"2025-11-16T19:27:02","modified_gmt":"2025-11-16T19:27:02","slug":"torre-de-aprendizaje","status":"publish","type":"product","link":"https:\/\/montessorinaturalwood.com\/?product=torre-de-aprendizaje","title":{"rendered":"Torre de aprendizaje"},"content":{"rendered":"<p>Fabricada de forma artesanal, inspirada en vida pr\u00e1ctica de la pedagog\u00eda Montessori, fomenta la autonom\u00eda. Tiene dos alturas ajustables para adaptarse al ni\u00f1o conforme vaya creciendo.<\/p>\n<p>Tiene m\u00faltiples usos como cocinar, fregar, cepillarse los dientes&#8230;<\/p>\n","protected":false},"excerpt":{"rendered":"<p>Inspirada en la pedagog\u00eda Montessori<\/p>\n","protected":false},"featured_media":30,"comment_status":"open","ping_status":"closed","template":"","meta":[],"product_cat":[19],"product_tag":[],"_links":{"self":[{"href":"https:\/\/montessorinaturalwood.com\/index.php?rest_route=\/wp\/v2\/product\/26"}],"collection":[{"href":"https:\/\/montessorinaturalwood.com\/index.php?rest_route=\/wp\/v2\/product"}],"about":[{"href":"https:\/\/montessorinaturalwood.com\/index.php?rest_route=\/wp\/v2\/types\/product"}],"replies":[{"embeddable":true,"href":"https:\/\/montessorinaturalwood.com\/index.php?rest_route=%2Fwp%2Fv2%2Fcomments&post=26"}],"wp:featuredmedia":[{"embeddable":true,"href":"https:\/\/montessorinaturalwood.com\/index.php?rest_route=\/wp\/v2\/media\/30"}],"wp:attachment":[{"href":"https:\/\/montessorinaturalwood.com\/index.php?rest_route=%2Fwp%2Fv2%2Fmedia&parent=26"}],"wp:term":[{"taxonomy":"product_cat","embeddable":true,"href":"https:\/\/montessorinaturalwood.com\/index.php?rest_route=%2Fwp%2Fv2%2Fproduct_cat&post=26"},{"taxonomy":"product_tag","embeddable":true,"href":"https:\/\/montessorinaturalwood.com\/index.php?rest_route=%2Fwp%2Fv2%2Fproduct_tag&post=26"}],"curies":[{"name":"wp","href":"https:\/\/api.w.org\/{rel}","templated":true}]}}