{"id":38,"date":"2020-11-16T10:32:58","date_gmt":"2020-11-16T10:32:58","guid":{"rendered":"https:\/\/montessorinaturalwood.com\/?post_type=product&#038;p=38"},"modified":"2026-02-08T06:59:18","modified_gmt":"2026-02-08T06:59:18","slug":"cajon-de-gateo","status":"publish","type":"product","link":"https:\/\/montessorinaturalwood.com\/?product=cajon-de-gateo","title":{"rendered":"Caj\u00f3n de gateo"},"content":{"rendered":"<p>Este caj\u00f3n donde los peque\u00f1os entran a jugar es muy amplio y puede utilizarse de modo invertido para subir y bajar con seguridad. Lo pueden utilizar igualmente ni\u00f1os que gatean o que caminan, ya que supone un reto diferente para cada uno.<\/p>\n<p>Fabricado con madera contrachapada de abedul y acabado con barniz ecol\u00f3gico al agua.<\/p>\n","protected":false},"excerpt":{"rendered":"<p>Este caj\u00f3n donde los peque\u00f1os entran a jugar es muy amplio y puede utilizarse de modo invertido para subir y bajar con seguridad. Lo pueden utilizar igualmente ni\u00f1os que gatean o que caminan, ya que supone un reto diferente para cada uno. Fabricado con madera contrachapada de abedul y acabado con barniz ecol\u00f3gico al agua.<\/p>\n","protected":false},"featured_media":39,"comment_status":"open","ping_status":"closed","template":"","meta":[],"product_cat":[18],"product_tag":[],"_links":{"self":[{"href":"https:\/\/montessorinaturalwood.com\/index.php?rest_route=\/wp\/v2\/product\/38"}],"collection":[{"href":"https:\/\/montessorinaturalwood.com\/index.php?rest_route=\/wp\/v2\/product"}],"about":[{"href":"https:\/\/montessorinaturalwood.com\/index.php?rest_route=\/wp\/v2\/types\/product"}],"replies":[{"embeddable":true,"href":"https:\/\/montessorinaturalwood.com\/index.php?rest_route=%2Fwp%2Fv2%2Fcomments&post=38"}],"wp:featuredmedia":[{"embeddable":true,"href":"https:\/\/montessorinaturalwood.com\/index.php?rest_route=\/wp\/v2\/media\/39"}],"wp:attachment":[{"href":"https:\/\/montessorinaturalwood.com\/index.php?rest_route=%2Fwp%2Fv2%2Fmedia&parent=38"}],"wp:term":[{"taxonomy":"product_cat","embeddable":true,"href":"https:\/\/montessorinaturalwood.com\/index.php?rest_route=%2Fwp%2Fv2%2Fproduct_cat&post=38"},{"taxonomy":"product_tag","embeddable":true,"href":"https:\/\/montessorinaturalwood.com\/index.php?rest_route=%2Fwp%2Fv2%2Fproduct_tag&post=38"}],"curies":[{"name":"wp","href":"https:\/\/api.w.org\/{rel}","templated":true}]}}